{"id":1240,"date":"2013-09-19T06:49:39","date_gmt":"2013-09-19T06:49:39","guid":{"rendered":"http:\/\/schmidconsulting.com\/wordpress2\/?page_id=1240"},"modified":"2022-01-26T10:49:22","modified_gmt":"2022-01-26T10:49:22","slug":"impressum","status":"publish","type":"page","link":"https:\/\/schmidconsulting.com\/?page_id=1240","title":{"rendered":"Impressum"},"content":{"rendered":"<h3><strong>IMPRESSUM<\/strong><\/h3>\n<p><strong>Informationspflicht lt. \u00a7 5 Abs.1 E-Commerce Gesetz (ECG):<\/strong><br \/>\nName des Unternehmens: Schmid Consulting GmbH<br \/>\nGeografische Anschrift: Wolf Huber Stra\u00dfe 3, A-6900 Bregenz<br \/>\nUID-NUMMER ATU66125329<br \/>\nFIRMENBUCHNUMMER FN356062 X<br \/>\nFIRMENBUCHGERICHT FELDKIRCH<br \/>\nGERICHTSSTAND: BREGENZ<\/p>\n<p>Kommunikationsdaten:<br \/>\nTelefon:\u00a0T +43 5574 65585<br \/>\nE-Mail: office@schmidconsulting.com<br \/>\nInternet-Adressen: www.schmidconsulting.com<\/p>\n<p>Die Bekanntgabe Ihrer Mailadresse bedeutet nicht, dass Sie Ihre Zustimmung zum Erhalt unaufgeforderter E-Mails (Werbung\/Spam) laut TKG \u00a7 101 geben.<\/p>\n<p>Wir haften in keinem Fall f\u00fcr allf\u00e4llige direkte oder indirekte Sch\u00e4den und f\u00fcr Folgesch\u00e4den, welche als Folge des Gebrauchs von Informationen und Material aus unseren Webseiten durch Zugriff \u00fcber Links auf andere Webseiten entsteht. Wir \u00fcbernehmen keine Garantie, dass Informationen, Software oder anderes Material, welches \u00fcber unsere Webseiten zug\u00e4nglich sind, frei von Viren oder anderen sch\u00e4dlichen Komponenten sind.<\/p>\n<p>Es ist m\u00f6glich, mit Links von unserer Website zu anderen Internet-Sites zu gelangen, die nicht von uns unterhalten werden. Solche externen (fremden) Sites enthalten Informationen, die von Organisationen, nat\u00fcrlichen oder juristischen Personen, die von uns rechtlich unabh\u00e4ngig sind, geschaffen, ver\u00f6ffentlicht, unterhalten oder anderweitig zur Verf\u00fcgung gestellt werden. Wir sind weder f\u00fcr den Inhalt fremder Sites verantwortlich, noch billigen, unterst\u00fctzen oder best\u00e4tigen wir Informationen, die auf externen Internet-Sites oder darin aufgef\u00fchrten gelinkten Sites enthalten sind. Wir \u00fcbernehmen keinerlei Haftung f\u00fcr die auf dieser Site und den verlinkten Sites ver\u00f6ffentlichten Daten. Sinngem\u00e4\u00df gilt das auch f\u00fcr Daten, welche von dieser Site und den verlinkten Sites (herunter-)geladen werden k\u00f6nnen. Kein Bestandteil der Site ist so zu verstehen, da\u00df dadurch eine Lizenz oder ein Recht zur Nutzung eines Bildes, einer eingetragenen Marke oder eines Logos sowie Rechte zur Nutzung von Software einger\u00e4umt wird. Durch Herunterladen oder Kopieren der Site oder Teilen davon werden Ihnen keinerlei Rechte im Hinblick auf die Software oder Elemente auf der Site \u00fcbertragen.<\/p>\n<p><strong>Lesen Sie dazu auch die Bestimmungen zum Copyright.<\/strong><\/p>\n<p>\u00a9Copyright: Die Verwendung, Vervielf\u00e4ltigung, Reproduktion, Verbreitung oder der Vertrieb der hier ver\u00f6ffentlichten Texte, Grafiken und Inhalte &#8211; egal ob teilweise oder zur G\u00e4nze &#8211; erfordert eine ausdr\u00fcckliche schriftliche Zustimmung durch den\/die Inhaber dieser Site. Die Elemente auf unseren Seiten geh\u00f6ren ausschliesslich der Schmid Consulting GmbH, Mariahilfstrasse 29, A-6900 Bregenz, ausgenommen sind Urheber- und Nutzungsrechte Dritter. Wir behalten uns s\u00e4mtliche Rechte (insbesondere Urheber- und Markenrechte) hinsichtlich aller Elemente auf unseren Webseiten vor.<\/p>\n","protected":false},"excerpt":{"rendered":"<p>IMPRESSUM Informationspflicht lt. \u00a7 5 Abs.1 E-Commerce Gesetz (ECG): Name des Unternehmens: Schmid Consulting GmbH Geografische Anschrift: Wolf Huber Stra\u00dfe 3, A-6900 Bregenz UID-NUMMER ATU66125329 FIRMENBUCHNUMMER FN356062 X FIRMENBUCHGERICHT FELDKIRCH GERICHTSSTAND: BREGENZ Kommunikationsdaten: Telefon:\u00a0T +43 5574 65585 E-Mail: office@schmidconsulting.com Internet-Adressen: www.schmidconsulting.com Die Bekanntgabe Ihrer Mailadresse bedeutet nicht, dass Sie Ihre Zustimmung zum Erhalt unaufgeforderter E-Mails&#8230;<\/p>\n","protected":false},"author":1,"featured_media":0,"parent":0,"menu_order":0,"comment_status":"closed","ping_status":"closed","template":"","meta":[],"_links":{"self":[{"href":"https:\/\/schmidconsulting.com\/index.php?rest_route=\/wp\/v2\/pages\/1240"}],"collection":[{"href":"https:\/\/schmidconsulting.com\/index.php?rest_route=\/wp\/v2\/pages"}],"about":[{"href":"https:\/\/schmidconsulting.com\/index.php?rest_route=\/wp\/v2\/types\/page"}],"author":[{"embeddable":true,"href":"https:\/\/schmidconsulting.com\/index.php?rest_route=\/wp\/v2\/users\/1"}],"replies":[{"embeddable":true,"href":"https:\/\/schmidconsulting.com\/index.php?rest_route=%2Fwp%2Fv2%2Fcomments&post=1240"}],"version-history":[{"count":4,"href":"https:\/\/schmidconsulting.com\/index.php?rest_route=\/wp\/v2\/pages\/1240\/revisions"}],"predecessor-version":[{"id":1934,"href":"https:\/\/schmidconsulting.com\/index.php?rest_route=\/wp\/v2\/pages\/1240\/revisions\/1934"}],"wp:attachment":[{"href":"https:\/\/schmidconsulting.com\/index.php?rest_route=%2Fwp%2Fv2%2Fmedia&parent=1240"}],"curies":[{"name":"wp","href":"https:\/\/api.w.org\/{rel}","templated":true}]}}