{"id":30,"date":"2013-09-01T08:51:45","date_gmt":"2013-09-01T08:51:45","guid":{"rendered":"http:\/\/schmidconsulting.com\/wordpress2\/?page_id=30"},"modified":"2022-01-26T17:36:54","modified_gmt":"2022-01-26T17:36:54","slug":"referenzen","status":"publish","type":"page","link":"https:\/\/schmidconsulting.com\/?page_id=30","title":{"rendered":"Referenzen"},"content":{"rendered":"<h3>Referenzen<\/h3>\n<div class=\"gap\" style=\"line-height: 8px; height: 8px;\"><\/div>\n<div class=\"shortcode-tabs tab-style-one tab-horizontal\"><div class=\"tab active-tab\">Worauf wir stolz sind<\/div><div class=\"tab-content active-tab-content\"><div class=\"tab-inner-content\"><p>In den letzten Jahren haben uns sehr erfolgreiche und namhafte Organisationen ihr Vertrauen geschenkt. Wir pflegen mit unseren Kunden ein dauerhaftes, erfolgreiches und auf Respekt und Vertrauen fu\u00dfendes Miteinander. Mit den nachfolgenden Referenzen ist es unser Anliegen, Ihnen einen Gesamteindruck unseres \u201eTun\u2019s\u201c zu erm\u00f6glichen, einen Bezug zu den unterschiedlichen Branchen, Kunden und Projekten herzustellen. Ja, wir sind stolz darauf, Unternehmen aus den Top 500 in \u00d6sterreich und namhafte Unternehmen aus dem benachbarten Ausland zu unseren Kunden z\u00e4hlen zu d\u00fcrfen. Nicht minder stolz macht es uns, dass wir auch das Vertrauen von innovativen, prim\u00e4r familien- und inhabergef\u00fchrten Unternehmen genie\u00dfen d\u00fcrfen.<\/p>\n<\/div><\/div><div class=\"tab\">Branchen\/Kunden<\/div><div class=\"tab-content\"><div class=\"tab-inner-content\"><p>Unsere Beratungsleistungen und Weiterbildungsaktivit\u00e4ten sind branchenunabh\u00e4ngig und wir haben innerhalb unserer T\u00e4tigkeitsbereiche die Erfahrung gemacht, dass Menschen, egal in welchem Unternehmen, in welcher Branche sie arbeiten, immer wieder die gleichen W\u00fcnsche, Sehns\u00fcchte, Tr\u00e4ume haben und \u00e4hnlichen Antriebsmechanismen unterliegen. Trotzdem ist es f\u00fcr uns eine Selbstverst\u00e4ndlichkeit, dass wir uns mit den unterschiedlichen Branchen besch\u00e4ftigen, ihre Spielregeln, Grunds\u00e4tze, Herausforderungen und Trends beachten. In den folgenden Branchen haben und f\u00fchren wir erfolgreiche Projekte durch.<\/p>\n<\/div><\/div><\/div>\n<div class=\"gap\" style=\"line-height: 15px; height: 15px;\"><\/div>\n<div class=\"hr-thick\"><\/div>\n<div class=\"gap\" style=\"line-height: 10px; height: 10px;\"><\/div>\n<p>Um Ihnen mehr Einblick in unsere Arbeit bei den unterschiedlichen Kunden geben zu k\u00f6nnen, haben wir im folgenden versucht, die Projektinhalte und Zielsetzungen zu umschreiben. Wenn Sie sich n\u00e4her \u00fcber die Projektziele und -inhalte informieren wollen, klicken Sie einfach auf das jeweilige Logo der einzelnen Unternehmen, um n\u00e4here Informationen zu erhalten.<\/p>\n<div class=\"gap\" style=\"line-height: 10px; height: 10px;\"><\/div>\n","protected":false},"excerpt":{"rendered":"<p>Referenzen Um Ihnen mehr Einblick in unsere Arbeit bei den unterschiedlichen Kunden geben zu k\u00f6nnen, haben wir im folgenden versucht, die Projektinhalte und Zielsetzungen zu umschreiben. Wenn Sie sich n\u00e4her \u00fcber die Projektziele und -inhalte informieren wollen, klicken Sie einfach auf das jeweilige Logo der einzelnen Unternehmen, um n\u00e4here Informationen zu erhalten.<\/p>\n","protected":false},"author":1,"featured_media":0,"parent":836,"menu_order":7,"comment_status":"closed","ping_status":"closed","template":"template-portfolio-masonry.php","meta":[],"_links":{"self":[{"href":"https:\/\/schmidconsulting.com\/index.php?rest_route=\/wp\/v2\/pages\/30"}],"collection":[{"href":"https:\/\/schmidconsulting.com\/index.php?rest_route=\/wp\/v2\/pages"}],"about":[{"href":"https:\/\/schmidconsulting.com\/index.php?rest_route=\/wp\/v2\/types\/page"}],"author":[{"embeddable":true,"href":"https:\/\/schmidconsulting.com\/index.php?rest_route=\/wp\/v2\/users\/1"}],"replies":[{"embeddable":true,"href":"https:\/\/schmidconsulting.com\/index.php?rest_route=%2Fwp%2Fv2%2Fcomments&post=30"}],"version-history":[{"count":13,"href":"https:\/\/schmidconsulting.com\/index.php?rest_route=\/wp\/v2\/pages\/30\/revisions"}],"predecessor-version":[{"id":1194,"href":"https:\/\/schmidconsulting.com\/index.php?rest_route=\/wp\/v2\/pages\/30\/revisions\/1194"}],"up":[{"embeddable":true,"href":"https:\/\/schmidconsulting.com\/index.php?rest_route=\/wp\/v2\/pages\/836"}],"wp:attachment":[{"href":"https:\/\/schmidconsulting.com\/index.php?rest_route=%2Fwp%2Fv2%2Fmedia&parent=30"}],"curies":[{"name":"wp","href":"https:\/\/api.w.org\/{rel}","templated":true}]}}