{"id":389,"date":"2013-08-16T10:33:25","date_gmt":"2013-08-16T10:33:25","guid":{"rendered":"http:\/\/presscore.dream-demo.com\/dummy\/?page_id=322"},"modified":"2022-01-26T17:22:23","modified_gmt":"2022-01-26T17:22:23","slug":"home-04-creative-style","status":"publish","type":"page","link":"https:\/\/schmidconsulting.com\/","title":{"rendered":"Start"},"content":{"rendered":"<div class=\"stripe stripe-style-3\" style=\"background-attachment: scroll;background-size: auto;margin-top: -40px\">\n<section class=\"shortcode-action-box box-style-table\">\n<div class=\"shortcode-action-container\"><\/div>\n<\/section>\n<h3>Willkommen bei der Schmid Consulting GmbH<\/div>\n<\/h3>\n<div class=\"stripe stripe-style-1\" style=\"background-attachment: scroll;background-size: auto;padding-top: 45px;padding-bottom: 40px\">\n<div class=\"wf-container\">\n<div class=\"wf-usr-cell wf-1-4\">\n<div class=\"\">\n<h3>Beratung<\/h3>\n<div class=\"gap\" style=\"line-height: 10px; height: 10px;\"><\/div>\n<p> Wir erzeugen aus Frust &#8211; Lust. Dort, wo Systeme erstarren, eingezw\u00e4ngt in die Mechanismen der Perfektion und nach Ver\u00e4nderung verlangen, setzen wir an und sprengen Freir\u00e4ume in die Macht des Faktischen.\u00a0\u00bb\u00a0<a title=\"Beratung\" href=\"https:\/\/schmidconsulting.com\/?page_id=543\">Mehr\u2026<\/a> <\/div><\/div>\n<div class=\"wf-usr-cell wf-1-4\">\n<div class=\"\">\n<h3>Personalentwicklung &amp; Training<\/h3>\n<div class=\"gap\" style=\"line-height: 10px; height: 10px;\"><\/div>\n<p> Die Schmid Consulting GmbH arbeitet weltweit mit einem Team langj\u00e4hrig erfahrener Berater und Trainer. Gemeinsam mit unseren Kunden realisieren wir eine neue Qualit\u00e4t des Lernprozesses.\u00a0\u00bb\u00a0<a title=\"Personalentwicklung &amp; Training\" href=\"https:\/\/schmidconsulting.com\/?page_id=554\">Mehr\u2026<\/a> <\/div><\/div>\n<div class=\"wf-usr-cell wf-1-4\">\n<div class=\"\">\n<h3>Markenf\u00fchrung nach innen \u2013 Internal Branding<\/h3>\n<div class=\"gap\" style=\"line-height: 10px; height: 10px;\"><\/div>\n<p> Starke Marken entstehen immer von innen nach au\u00dfen \u2013 niemals umgekehrt. Deshalb bedarf es einer starken Markenf\u00fchrung nach innen \u2013 dem \u201eInternal Branding\u201c.\u00a0\u00bb\u00a0<a title=\"Markenf\u00fchrung nach Innen \u2013 Internal Branding\" href=\"https:\/\/schmidconsulting.com\/?page_id=994\">Mehr\u2026<\/a> <\/div><\/div>\n<div class=\"wf-usr-cell wf-1-4\">\n<div class=\"\"><\/div>\n<h3>Moritz Schmid<\/h3>\n<div class=\"gap\" style=\"line-height: 10px; height: 10px;\"><\/div>\n<p>\n<!-- iframe plugin v.4.3 wordpress.org\/plugins\/iframe\/ -->\n<iframe width=\"200px\" height=\"113px\" src=\"https:\/\/schmidconsulting.com\/wp-content\/uploads\/2018\/10\/moritz.jpg\" frameborder=\"0\" allowfullscreen=\"true\" allowtransparency=\"true\" scrolling=\"yes\" class=\"iframe-class\"><\/iframe>\n<br \/>\n<a class=\"more-link details\" href=\"https:\/\/www.dropbox.com\/s\/p7onbfi4xr41oqz\/Moritz.mp4?dl=0\" target=\"_blank\">Download mein Lied\/Film f\u00fcr unseren \u00fcber alles geliebten Sohn Moritz\u00a0<\/a> <\/div><\/div><\/div>\n","protected":false},"excerpt":{"rendered":"Willkommen bei der Schmid Consulting GmbH Beratung Wir erzeugen aus Frust - Lust. Dort, wo Systeme erstarren, eingezw\u00e4ngt in die Mechanismen der Perfektion und nach Ver\u00e4nderung verlangen, setzen wir an und sprengen Freir\u00e4ume in die Macht des Faktischen.\u00a0\u00bb\u00a0Mehr\u2026 Personalentwicklung &amp; Training Die Schmid Consulting GmbH arbeitet weltweit mit einem Team langj\u00e4hrig erfahrener Berater und Trainer....","protected":false},"author":1,"featured_media":0,"parent":0,"menu_order":400,"comment_status":"closed","ping_status":"closed","template":"","meta":[],"_links":{"self":[{"href":"https:\/\/schmidconsulting.com\/index.php?rest_route=\/wp\/v2\/pages\/389"}],"collection":[{"href":"https:\/\/schmidconsulting.com\/index.php?rest_route=\/wp\/v2\/pages"}],"about":[{"href":"https:\/\/schmidconsulting.com\/index.php?rest_route=\/wp\/v2\/types\/page"}],"author":[{"embeddable":true,"href":"https:\/\/schmidconsulting.com\/index.php?rest_route=\/wp\/v2\/users\/1"}],"replies":[{"embeddable":true,"href":"https:\/\/schmidconsulting.com\/index.php?rest_route=%2Fwp%2Fv2%2Fcomments&post=389"}],"version-history":[{"count":71,"href":"https:\/\/schmidconsulting.com\/index.php?rest_route=\/wp\/v2\/pages\/389\/revisions"}],"predecessor-version":[{"id":1974,"href":"https:\/\/schmidconsulting.com\/index.php?rest_route=\/wp\/v2\/pages\/389\/revisions\/1974"}],"wp:attachment":[{"href":"https:\/\/schmidconsulting.com\/index.php?rest_route=%2Fwp%2Fv2%2Fmedia&parent=389"}],"curies":[{"name":"wp","href":"https:\/\/api.w.org\/{rel}","templated":true}]}}