{"id":543,"date":"2013-09-12T14:39:35","date_gmt":"2013-09-12T14:39:35","guid":{"rendered":"http:\/\/schmidconsulting.com\/wordpress2\/?page_id=543"},"modified":"2022-01-26T17:37:52","modified_gmt":"2022-01-26T17:37:52","slug":"beratung","status":"publish","type":"page","link":"https:\/\/schmidconsulting.com\/?page_id=543","title":{"rendered":"Beratung"},"content":{"rendered":"<section class=\"shortcode-action-box box-style-table\">\n<div class=\"shortcode-action-container\"><\/div>\n<\/section>\n<h3>Beratung<\/h3>\n<h4>\n<div class=\"gap\" style=\"line-height: 8px; height: 8px;\"><\/div>\n<p>Wir erzeugen aus Frust \u2013 Lust.<\/h4>\n<div class=\"gap\" style=\"line-height: 10px; height: 10px;\"><\/div>\n<div class=\"hr-thin\"><\/div>\n<div class=\"gap\" style=\"line-height: 10px; height: 10px;\"><\/div>\n<div class=\"wf-usr-cell wf-1-2\">Dort, wo Systeme erstarren, eingezw\u00e4ngt in die Mechanismen der Perfektion und nach Ver\u00e4nderung verlangen, setzen wir an und sprengen Freir\u00e4ume in die Macht des Faktischen. Wir katapultieren unsere Kunden aus dem Kreis der Gewohnheit in den Spirit der Handlung und entwickeln gemeinsam mit ihnen neue wertsteigernde Konzepte und L\u00f6sungen, um nachhaltig wirksame Antworten auf die zentralen Fragen der Unternehmensf\u00fchrung zu erhalten. Dabei praktizieren wir ein Konzept der bewussten Grenz\u00fcberschreitung. Durch die Verkn\u00fcpfung emotionaler und kognitiver Elemente, schaffen wir einen echten und nachhaltig wirksamen Mehrwert f\u00fcr die von uns betreuten Organisationen.<\/p>\n<p>&nbsp;<\/p>\n<p>\u00ab&nbsp;<a title=\"Start\" href=\"https:\/\/schmidconsulting.com\/\">Home<\/a><\/p>\n<\/div>\n<div class=\"wf-usr-cell wf-1-2\"> Als international t\u00e4tiges Unternehmen konzentrieren sich unsere Beratungsleistungen prim\u00e4r auf&nbsp;<\/p>\n<div class=\"gap\" style=\"line-height: 10px; height: 10px;\"><\/div>\n<ul class=\"standard-arrow list-divider\">\n<li>\n<p> die Konzeption und Umsetzung von Change-\/Kultur-\/Visions- und Integrationsprozesse <\/p>\n<\/li>\n<li>\n<p> Fragen der Organisations- und Personalentwicklung <\/p>\n<\/li>\n<li>\n<p> die Konzeption und Umsetzung der internen Markenf\u00fchrung <\/p>\n<\/li>\n<\/ul>\n<p> Grundlage daf\u00fcr bilden sorgf\u00e4ltig ausgew\u00e4hlte L\u00f6sungsans\u00e4tze und einzigartige Methoden im Bereich der Weiterbildung und Umsetzung. <\/p><\/div>\n","protected":false},"excerpt":{"rendered":"<p>Beratung Wir erzeugen aus Frust \u2013 Lust.<\/p>\n","protected":false},"author":1,"featured_media":322,"parent":1462,"menu_order":0,"comment_status":"closed","ping_status":"closed","template":"","meta":[],"_links":{"self":[{"href":"https:\/\/schmidconsulting.com\/index.php?rest_route=\/wp\/v2\/pages\/543"}],"collection":[{"href":"https:\/\/schmidconsulting.com\/index.php?rest_route=\/wp\/v2\/pages"}],"about":[{"href":"https:\/\/schmidconsulting.com\/index.php?rest_route=\/wp\/v2\/types\/page"}],"author":[{"embeddable":true,"href":"https:\/\/schmidconsulting.com\/index.php?rest_route=\/wp\/v2\/users\/1"}],"replies":[{"embeddable":true,"href":"https:\/\/schmidconsulting.com\/index.php?rest_route=%2Fwp%2Fv2%2Fcomments&post=543"}],"version-history":[{"count":18,"href":"https:\/\/schmidconsulting.com\/index.php?rest_route=\/wp\/v2\/pages\/543\/revisions"}],"predecessor-version":[{"id":1983,"href":"https:\/\/schmidconsulting.com\/index.php?rest_route=\/wp\/v2\/pages\/543\/revisions\/1983"}],"up":[{"embeddable":true,"href":"https:\/\/schmidconsulting.com\/index.php?rest_route=\/wp\/v2\/pages\/1462"}],"wp:featuredmedia":[{"embeddable":true,"href":"https:\/\/schmidconsulting.com\/index.php?rest_route=\/wp\/v2\/media\/322"}],"wp:attachment":[{"href":"https:\/\/schmidconsulting.com\/index.php?rest_route=%2Fwp%2Fv2%2Fmedia&parent=543"}],"curies":[{"name":"wp","href":"https:\/\/api.w.org\/{rel}","templated":true}]}}