{"id":561,"date":"2013-09-12T15:24:54","date_gmt":"2013-09-12T15:24:54","guid":{"rendered":"http:\/\/schmidconsulting.com\/wordpress2\/?page_id=561"},"modified":"2022-01-26T16:27:41","modified_gmt":"2022-01-26T16:27:41","slug":"grossgruppenveranstaltungen","status":"publish","type":"page","link":"https:\/\/schmidconsulting.com\/?page_id=561","title":{"rendered":"Arbeit mit Gro\u00dfgruppen"},"content":{"rendered":"<section class=\"shortcode-action-box box-style-table\">\n<div class=\"shortcode-action-container\"><\/div>\n<\/section>\n<h3>Arbeit mit Gro\u00dfgruppen<\/h3>\n<div class=\"gap\" style=\"line-height: 8px; height: 8px;\"><\/div>\n<div class=\"wf-usr-cell wf-1-2\"> Wir bieten fassbare und wirksame Interventionen, um die Visionen, das Kulturverst\u00e4ndnis, die Werte und anstehende Ver\u00e4nderungen ihres Unternehmens aus den Hochglanzbrosch\u00fcren und Projektstudien in die gelebte Wirklichkeit zu katapultieren. Denn der K\u00f6nigsweg der Kommunikation und des Lernens f\u00fchrt durch die besondere Intensit\u00e4t des Erlebens. Zur Vertiefung von Lernprozessen und zur dauerhaften Implementierung ihrer Zielsetzungen \u00fcberschreiten wir altbekannte Formen des Wissenstransfers und greifen zu allen Dimensionen menschlicher Erfahrung. <\/div>\n<div class=\"wf-usr-cell wf-1-2\"> Gro\u00dfgruppenveranstaltungen wirken dabei als starker Erfolgshebel. An einem einzigen Tag oder auch nur in wenigen Stunden wechseln die Teilnehmer dabei die Seiten vom passiven Zuh\u00f6rer zum Akteur des Geschehens. Ein umfassender Schritt aus dem Visionsraum in die gelebte Wirklichkeit \u2013 ein Schritt der sichtbare Spuren hinterl\u00e4sst. <\/div>\n<h4>\n<div class=\"gap\" style=\"line-height: 20px; height: 20px;\"><\/div>\n<\/h4>\n<h4>\n<div class=\"hr-thin\"><\/div>\n<div class=\"gap\" style=\"line-height: 20px; height: 20px;\"><\/div>\n<p>Umsetzungsbereiche<\/h4>\n<p>Ob mit 50, 300, 500 oder noch mehr Teilnehmern \u2013 wir arbeiten seit vielen Jahren erfolgreich mit Gro\u00dfgruppen zusammen. Insbesondere bei&#8230; <\/p>\n<div class=\"gap\" style=\"line-height: 10px; height: 10px;\"><\/div>\n<div class=\"wf-usr-cell wf-1-2\">\n<ul class=\"standard-arrow list-divider\">\n<li>\n<p>Ver\u00e4nderungsprozessen<\/p>\n<\/li>\n<li>\n<p>Unternehmens-\/F\u00fchrungskulturprojekten<\/p>\n<\/li>\n<li>\n<p>der Erarbeitung und Implementierung von&nbsp; Vision und Werten<\/p>\n<\/li>\n<li>\n<p>Integrationsprozessen wie der Fusion von Unternehmen<\/p>\n<\/li>\n<li>\n<p>der Ausrichtung globaler F\u00fchrungsstrategien<\/p>\n<\/li>\n<\/ul>\n<p>&nbsp;<\/p><\/div>\n<p>&nbsp;<\/p>\n\n<!-- iframe plugin v.4.3 wordpress.org\/plugins\/iframe\/ -->\n<iframe width=\"220px\" height=\"312px\" src=\"https:\/\/www.yumpu.com\/de\/embed\/view\/T4AtfbrxaDPIhQ7p\" frameborder=\"0\" allowfullscreen=\"true\" allowtransparency=\"true\" scrolling=\"yes\" class=\"iframe-class\"><\/iframe>\n\n","protected":false},"excerpt":{"rendered":"<p>Arbeit mit Gro\u00dfgruppen Umsetzungsbereiche Ob mit 50, 300, 500 oder noch mehr Teilnehmern \u2013 wir arbeiten seit vielen Jahren erfolgreich mit Gro\u00dfgruppen zusammen. Insbesondere bei&#8230; &nbsp;<\/p>\n","protected":false},"author":1,"featured_media":322,"parent":0,"menu_order":0,"comment_status":"closed","ping_status":"closed","template":"","meta":[],"_links":{"self":[{"href":"https:\/\/schmidconsulting.com\/index.php?rest_route=\/wp\/v2\/pages\/561"}],"collection":[{"href":"https:\/\/schmidconsulting.com\/index.php?rest_route=\/wp\/v2\/pages"}],"about":[{"href":"https:\/\/schmidconsulting.com\/index.php?rest_route=\/wp\/v2\/types\/page"}],"author":[{"embeddable":true,"href":"https:\/\/schmidconsulting.com\/index.php?rest_route=\/wp\/v2\/users\/1"}],"replies":[{"embeddable":true,"href":"https:\/\/schmidconsulting.com\/index.php?rest_route=%2Fwp%2Fv2%2Fcomments&post=561"}],"version-history":[{"count":14,"href":"https:\/\/schmidconsulting.com\/index.php?rest_route=\/wp\/v2\/pages\/561\/revisions"}],"predecessor-version":[{"id":1985,"href":"https:\/\/schmidconsulting.com\/index.php?rest_route=\/wp\/v2\/pages\/561\/revisions\/1985"}],"wp:featuredmedia":[{"embeddable":true,"href":"https:\/\/schmidconsulting.com\/index.php?rest_route=\/wp\/v2\/media\/322"}],"wp:attachment":[{"href":"https:\/\/schmidconsulting.com\/index.php?rest_route=%2Fwp%2Fv2%2Fmedia&parent=561"}],"curies":[{"name":"wp","href":"https:\/\/api.w.org\/{rel}","templated":true}]}}