{"id":573,"date":"2013-09-12T15:49:29","date_gmt":"2013-09-12T15:49:29","guid":{"rendered":"http:\/\/schmidconsulting.com\/wordpress2\/?page_id=573"},"modified":"2022-01-26T16:28:21","modified_gmt":"2022-01-26T16:28:21","slug":"coaching","status":"publish","type":"page","link":"https:\/\/schmidconsulting.com\/?page_id=573","title":{"rendered":"Coaching"},"content":{"rendered":"<section class=\"shortcode-action-box box-style-table\">\n<div class=\"shortcode-action-container\"><\/div>\n<\/section>\n<h3>Coaching<\/h3>\n<h4>\n<div class=\"gap\" style=\"line-height: 8px; height: 8px;\"><\/div>\n<p>Austausch der Brillen oder einen Perspektivenwechsel einleiten<\/h4>\n<div class=\"gap\" style=\"line-height: 10px; height: 10px;\"><\/div>\n<div class=\"hr-thin\"><\/div>\n<div class=\"gap\" style=\"line-height: 10px; height: 10px;\"><\/div>\n<div class=\"wf-usr-cell wf-1-2\"> Coaching ist f\u00fcr uns ein Instrument, das als Pers\u00f6nlichkeits-, Arbeits-, Prozessbegleitung verstanden werden kann, in dem wir gemeinsam mit den von uns betreuten Kunden sowohl im privaten wie beruflichen Alltag Problembereiche ihrer Pers\u00f6nlichkeit und ihrer T\u00e4tigkeit reflektieren. Das beinhaltet je nach Bedarf und Wunsch die Auseinandersetzung mit der Pers\u00f6nlichkeit in Ihrem privaten und\/oder mit Ihrer Rolle im beruflichen Umfeld. Wir bieten dabei keine vorgefertigten L\u00f6sungen an, sondern fungieren gleichsam als Katalysator.<\/div>\n<div class=\"wf-usr-cell wf-1-2\"> Ziel ist es, die Handlungsf\u00e4higkeit der Kunden zu erweitern. Das hei\u00dft:&nbsp;<\/p>\n<div class=\"gap\" style=\"line-height: 10px; height: 10px;\"><\/div>\n<ul class=\"standard-arrow list-divider\">\n<li>\n<p> Die Selbstreflexionsf\u00e4higkeit auch in komplexen Situationen aufrecht zu erhalten.<b>&nbsp;<\/b> <\/p>\n<\/li>\n<li>\n<p>Die pers\u00f6nliche Wahrnehmung der Kunden weiterzuentwickeln.<\/p>\n<\/li>\n<li>\n<p>Mit Problemen und Belastungen so fertig zu werden, dass es der eigenen Entwicklung zutr\u00e4glich ist.<\/p>\n<\/li>\n<\/ul>\n<p>F\u00fcr uns ist ein Coaching dann abgeschlossen, wenn der Kunde gelernt hat, das im Prozess erarbeitete Handlungsspektrum umzusetzen. Zu unserem Kundenkreis geh\u00f6ren Privatiers, Unternehmer\/innen, Manager\/innen und Politiker\/innen. Wir garantieren unseren Kunden auf Wunsch absolute Diskretion. <\/p><\/div>\n","protected":false},"excerpt":{"rendered":"<p>Coaching Austausch der Brillen oder einen Perspektivenwechsel einleiten<\/p>\n","protected":false},"author":1,"featured_media":0,"parent":1462,"menu_order":0,"comment_status":"closed","ping_status":"closed","template":"","meta":[],"_links":{"self":[{"href":"https:\/\/schmidconsulting.com\/index.php?rest_route=\/wp\/v2\/pages\/573"}],"collection":[{"href":"https:\/\/schmidconsulting.com\/index.php?rest_route=\/wp\/v2\/pages"}],"about":[{"href":"https:\/\/schmidconsulting.com\/index.php?rest_route=\/wp\/v2\/types\/page"}],"author":[{"embeddable":true,"href":"https:\/\/schmidconsulting.com\/index.php?rest_route=\/wp\/v2\/users\/1"}],"replies":[{"embeddable":true,"href":"https:\/\/schmidconsulting.com\/index.php?rest_route=%2Fwp%2Fv2%2Fcomments&post=573"}],"version-history":[{"count":17,"href":"https:\/\/schmidconsulting.com\/index.php?rest_route=\/wp\/v2\/pages\/573\/revisions"}],"predecessor-version":[{"id":1987,"href":"https:\/\/schmidconsulting.com\/index.php?rest_route=\/wp\/v2\/pages\/573\/revisions\/1987"}],"up":[{"embeddable":true,"href":"https:\/\/schmidconsulting.com\/index.php?rest_route=\/wp\/v2\/pages\/1462"}],"wp:attachment":[{"href":"https:\/\/schmidconsulting.com\/index.php?rest_route=%2Fwp%2Fv2%2Fmedia&parent=573"}],"curies":[{"name":"wp","href":"https:\/\/api.w.org\/{rel}","templated":true}]}}