{"id":750,"date":"2013-09-13T12:21:52","date_gmt":"2013-09-13T12:21:52","guid":{"rendered":"http:\/\/schmidconsulting.com\/wordpress2\/?page_id=750"},"modified":"2022-01-26T16:28:02","modified_gmt":"2022-01-26T16:28:02","slug":"storytelling","status":"publish","type":"page","link":"https:\/\/schmidconsulting.com\/?page_id=750","title":{"rendered":"Storytelling"},"content":{"rendered":"<section class=\"shortcode-action-box box-style-table\">\n<div class=\"shortcode-action-container\"><\/div>\n<\/section>\n<h3>Storytelling<\/h3>\n<h4>\n<div class=\"gap\" style=\"line-height: 8px; height: 8px;\"><\/div>\n<p><strong>Was hat mehr Substanz als Bilder und Geschichten, die Platz in unserem Herzen finden,&nbsp;<\/strong><strong>die nicht mehr aus dem Sinn gehen?<\/strong><\/h4>\n<div class=\"gap\" style=\"line-height: 10px; height: 10px;\"><\/div>\n<div class=\"hr-thin\"><\/div>\n<div class=\"gap\" style=\"line-height: 10px; height: 10px;\"><\/div>\n<div class=\"wf-usr-cell wf-1-2\">Mittels Storytelling er\u00f6ffnen wir neue M\u00f6glichkeiten der Wahrnehmung, der Empfindung, des Handelns und Begreifens. Zur Vertiefung von Lernprozessen und zur dauerhaften Implementierung \u00fcberschreiten wir deshalb altbekannte Formen des Wissenstransfers und greifen zu allen Dimensionen menschlicher Erfahrung. Denn, der K\u00f6nigsweg der Kommunikation und des Lernens f\u00fchrt durch die besondere Intensit\u00e4t des Erlebens und, was Situationen im menschlichen Erleben beschreibt, sind die Geschichten, die wir erleben.<\/div>\n<div class=\"wf-usr-cell wf-1-2\"> Gute Geschichten sind Geschichten, die Sinn machen und in denen wir pers\u00f6nlichen Erfolg erleben. Gute Gesch\u00e4fte machen gute Geschichten. Nur aus guten Geschichten werden auch gute Gesch\u00e4fte. Story Telling zielt direkt auf die Wurzeln der Sinnproduktion. Storytelling bietet fassbare und wirksame Interventionen, um die Visionen, Strategien und Ziele aus den Konzepten und Hochglanzbrosch\u00fcren in die Wirklichkeit zu katapultieren. <strong>Geben Sie Ihrer Organisation eine gute Geschichte.<\/strong>&nbsp;<\/div>\n","protected":false},"excerpt":{"rendered":"<p>Storytelling Was hat mehr Substanz als Bilder und Geschichten, die Platz in unserem Herzen finden,&nbsp;die nicht mehr aus dem Sinn gehen?<\/p>\n","protected":false},"author":1,"featured_media":0,"parent":1462,"menu_order":0,"comment_status":"closed","ping_status":"closed","template":"","meta":[],"_links":{"self":[{"href":"https:\/\/schmidconsulting.com\/index.php?rest_route=\/wp\/v2\/pages\/750"}],"collection":[{"href":"https:\/\/schmidconsulting.com\/index.php?rest_route=\/wp\/v2\/pages"}],"about":[{"href":"https:\/\/schmidconsulting.com\/index.php?rest_route=\/wp\/v2\/types\/page"}],"author":[{"embeddable":true,"href":"https:\/\/schmidconsulting.com\/index.php?rest_route=\/wp\/v2\/users\/1"}],"replies":[{"embeddable":true,"href":"https:\/\/schmidconsulting.com\/index.php?rest_route=%2Fwp%2Fv2%2Fcomments&post=750"}],"version-history":[{"count":4,"href":"https:\/\/schmidconsulting.com\/index.php?rest_route=\/wp\/v2\/pages\/750\/revisions"}],"predecessor-version":[{"id":1986,"href":"https:\/\/schmidconsulting.com\/index.php?rest_route=\/wp\/v2\/pages\/750\/revisions\/1986"}],"up":[{"embeddable":true,"href":"https:\/\/schmidconsulting.com\/index.php?rest_route=\/wp\/v2\/pages\/1462"}],"wp:attachment":[{"href":"https:\/\/schmidconsulting.com\/index.php?rest_route=%2Fwp%2Fv2%2Fmedia&parent=750"}],"curies":[{"name":"wp","href":"https:\/\/api.w.org\/{rel}","templated":true}]}}