{"id":764,"date":"2013-09-13T12:50:07","date_gmt":"2013-09-13T12:50:07","guid":{"rendered":"http:\/\/schmidconsulting.com\/wordpress2\/?page_id=764"},"modified":"2022-01-26T16:28:37","modified_gmt":"2022-01-26T16:28:37","slug":"vortraege","status":"publish","type":"page","link":"https:\/\/schmidconsulting.com\/?page_id=764","title":{"rendered":"Vortr\u00e4ge"},"content":{"rendered":"<section class=\"shortcode-action-box box-style-table\">\n<div class=\"shortcode-action-container\"><\/div>\n<\/section>\n<h3><strong>UNSERE VORTR\u00c4GE SIND\u2026<\/strong><\/h3>\n<div class=\"gap\" style=\"line-height: 10px; height: 10px;\"><\/div>\n<div class=\"wf-usr-cell wf-1-2\"> <strong>Ein Wegweiser f\u00fcr den Erfolg in herausfordernden Zeiten:<\/strong>&nbsp;Schmid ist Querdenker, bricht mit Gewohnheiten, hat den Mut zum Anderssein und zeigt eindrucksvoll auf, was notwendig ist, um auch in turbulenten Zeiten erfolgreich zu sein. Unterhaltsam, zum Nachdenken anregend und absolut keine Standardkost. <strong><br class=\"\u201dclear\u201d\"><\/strong><strong><strong><br class=\"\u201dclear\u201d\"><\/strong>Eine Anleitung um den Kreis der Gewohnheit zu durchbrechen:&nbsp;<\/strong>Schmid entwickelt vier Prinzipien zur Strategie des Handelns. Das Ergebnis ist ein Perspektivenwechsel. Er wechselt die Seiten, vom Betrachter zum Akteur des Geschehens. Entdeckergeist und neue Sichtweisen sind entscheidend in einer Welt, in der Initiative, Kreativit\u00e4t und Leidenschaft ausschlaggebend sind.<\/div>\n<div class=\"wf-usr-cell wf-1-2\"><strong>Eine M\u00f6glichkeit aus Frust Lust zu erzeugen:<\/strong>&nbsp;Schmid macht Lust auf Ver\u00e4nderung, denn der K\u00f6nigsweg der Kommunikation und des Lernens f\u00fchrt durch die besondere Intensit\u00e4t des Erlebens. Zur Vertiefung von Lernprozessen und zur dauerhaften Implementierung von Ver\u00e4nderungspotentialen \u00fcberschreitet er altbekannte Formen des Wissenstransfers und greift zu allen Dimensionen menschlicher Erfahrung. <strong><br class=\"\u201dclear\u201d\"><\/strong><strong><strong><br class=\"\u201dclear\u201d\"><\/strong>Ein Aufruf zur Selbstverantwortung:&nbsp;<\/strong>Schmid geht es nicht darum, vorgefertigte L\u00f6sungen, Konzepte und Anleitungen vorzutragen, wie man sie in unz\u00e4hligen Fachb\u00fcchern oder Magazinen vorfindet. Er zeigt Wege auf, die vom \u201eDenken\u201c ins \u201eTun\u201c von der \u201eIdee\u201c in die \u201eHandlung\u201c und somit in die Realisierung von Ver\u00e4nderungspotentialen, Visionen und Zielen weisen. Fertige Antworten verschlie\u00dfen T\u00fcren \u2013 Schmid \u00f6ffnet T\u00fcren.&nbsp;<\/div>\n","protected":false},"excerpt":{"rendered":"<p>UNSERE VORTR\u00c4GE SIND\u2026<\/p>\n","protected":false},"author":1,"featured_media":0,"parent":1462,"menu_order":0,"comment_status":"closed","ping_status":"closed","template":"","meta":[],"_links":{"self":[{"href":"https:\/\/schmidconsulting.com\/index.php?rest_route=\/wp\/v2\/pages\/764"}],"collection":[{"href":"https:\/\/schmidconsulting.com\/index.php?rest_route=\/wp\/v2\/pages"}],"about":[{"href":"https:\/\/schmidconsulting.com\/index.php?rest_route=\/wp\/v2\/types\/page"}],"author":[{"embeddable":true,"href":"https:\/\/schmidconsulting.com\/index.php?rest_route=\/wp\/v2\/users\/1"}],"replies":[{"embeddable":true,"href":"https:\/\/schmidconsulting.com\/index.php?rest_route=%2Fwp%2Fv2%2Fcomments&post=764"}],"version-history":[{"count":6,"href":"https:\/\/schmidconsulting.com\/index.php?rest_route=\/wp\/v2\/pages\/764\/revisions"}],"predecessor-version":[{"id":1988,"href":"https:\/\/schmidconsulting.com\/index.php?rest_route=\/wp\/v2\/pages\/764\/revisions\/1988"}],"up":[{"embeddable":true,"href":"https:\/\/schmidconsulting.com\/index.php?rest_route=\/wp\/v2\/pages\/1462"}],"wp:attachment":[{"href":"https:\/\/schmidconsulting.com\/index.php?rest_route=%2Fwp%2Fv2%2Fmedia&parent=764"}],"curies":[{"name":"wp","href":"https:\/\/api.w.org\/{rel}","templated":true}]}}