{"id":949,"date":"2013-09-14T08:43:24","date_gmt":"2013-09-14T08:43:24","guid":{"rendered":"http:\/\/schmidconsulting.com\/wordpress2\/?page_id=949"},"modified":"2022-01-26T16:23:55","modified_gmt":"2022-01-26T16:23:55","slug":"visionsentwicklung-und-implementierung","status":"publish","type":"page","link":"https:\/\/schmidconsulting.com\/?page_id=949","title":{"rendered":"Visionsentwicklung und -implementierung"},"content":{"rendered":"<section class=\"shortcode-action-box box-style-table\">\n<div class=\"shortcode-action-container\"><\/div>\n<\/section>\n<h3>Warum eine klare, herausfordernde und zielorientierte Vision so wichtig ist?<\/h3>\n<div class=\"gap\" style=\"line-height: 8px; height: 8px;\"><\/div>\n<div class=\"wf-usr-cell wf-1-2\"> Eine Vision ist eine bildhafte Vorstellung von der Zukunft. Das Bild der Zukunft, die wir gemeinsam mit unseren Kunden erschaffen.&nbsp; Eine Vision ist also eine auf die Zukunft gerichtete Leitidee \u00fcber die Entwicklung des Unternehmens.<strong><br class=\"\u201dclear\u201d\"><\/strong><strong><br class=\"\u201dclear\u201d\"><\/strong>Wir leben in einer Zeit permanenter Ver\u00e4nderungen. Ver\u00e4nderungen haben immer etwas mit Unsicherheit und Angst zu tun. Deshalb brauchen wir in unseren Unternehmen einen Geist und ein Umfeld das Mitarbeiter\/innen begeistert, sie animieret sich mit den Ver\u00e4nderungen zu besch\u00e4ftigen. Dieser Geist bzw. dieses Bewusstsein kann jedoch nur dann entstehen und langfristig wirken, wenn sich die Mitarbeiter\/innen aller Ebenen und Bereiche mit dem Unternehmen, seinem Unternehmenszweck, seinen Zielvorstellungen und den Werten f\u00fcr die es steht, inhaltlich und emotional identifiziert. <\/div>\n<div class=\"wf-usr-cell wf-1-2\"> Zusammenfassend m\u00f6chte ich diese Frage noch mit einer Metapher \u201eDer Vergleich einer Vision mit einem Polarstern\u201c beantworten:<strong><br class=\"\u201dclear\u201d\"><\/strong><strong><br class=\"\u201dclear\u201d\"><\/strong><\/p>\n<blockquote class=\"shortcode-blockquote\"><p> Die Wege suchende Karawane in der W\u00fcste, deren Landschaftsbild sich in den Sandst\u00fcrmen dauernd \u00e4ndert, richtet ihre Reise an den Leitbildern des Sternenhimmels aus. Die Sterne sind nicht das Ziel der Reise, sie sind aber eine sichere Orientierung f\u00fcr den Weg in die Oase, gleich, aus welcher Richtung die Karawane diese anstrebt, mit welcher Reiseausstattung sie versehen und wie unwegsam das Gel\u00e4nde ist. &nbsp; <\/p><\/blockquote>\n<p>&nbsp;<\/p><\/div>\n<div class=\"st-toggle\"><a class=\"text-primary\" href=\"#\">Wirkungsvolle Visionsprozesse<\/a><\/p>\n<div class=\"st-toggle-content\">\n<div>\n<ul>\n<li>erfolgen unter Einbindung aller relevanter Entscheidungstr\u00e4ger und F\u00fchrungskr\u00e4fte<\/li>\n<li>erfordern die Entwicklung eines massgeschneiderten Konzeptes.<\/li>\n<li>erfordern die tiefgehende Auseinandersetzung mit zu ver\u00e4ndernden Werten und Inhalten.<\/li>\n<li>erfordern den Diskurs.<\/li>\n<li>erfordern die unmittelbare und tiefgreifende Anwendung des Diskutierten im Kontext der Herausforderungen des Unternehmens.<\/li>\n<li>erfordert die Einbeziehung aller Mitarbeiter\/innen aller Ebenen und Bereiche und muss emotionalisierend und umsetzungsrelevant sein.<\/li>\n<\/ul>\n<\/div>\n<\/div>\n<\/div>\n","protected":false},"excerpt":{"rendered":"<p>Warum eine klare, herausfordernde und zielorientierte Vision so wichtig ist?<\/p>\n","protected":false},"author":1,"featured_media":0,"parent":911,"menu_order":0,"comment_status":"closed","ping_status":"closed","template":"","meta":[],"_links":{"self":[{"href":"https:\/\/schmidconsulting.com\/index.php?rest_route=\/wp\/v2\/pages\/949"}],"collection":[{"href":"https:\/\/schmidconsulting.com\/index.php?rest_route=\/wp\/v2\/pages"}],"about":[{"href":"https:\/\/schmidconsulting.com\/index.php?rest_route=\/wp\/v2\/types\/page"}],"author":[{"embeddable":true,"href":"https:\/\/schmidconsulting.com\/index.php?rest_route=\/wp\/v2\/users\/1"}],"replies":[{"embeddable":true,"href":"https:\/\/schmidconsulting.com\/index.php?rest_route=%2Fwp%2Fv2%2Fcomments&post=949"}],"version-history":[{"count":5,"href":"https:\/\/schmidconsulting.com\/index.php?rest_route=\/wp\/v2\/pages\/949\/revisions"}],"predecessor-version":[{"id":1981,"href":"https:\/\/schmidconsulting.com\/index.php?rest_route=\/wp\/v2\/pages\/949\/revisions\/1981"}],"up":[{"embeddable":true,"href":"https:\/\/schmidconsulting.com\/index.php?rest_route=\/wp\/v2\/pages\/911"}],"wp:attachment":[{"href":"https:\/\/schmidconsulting.com\/index.php?rest_route=%2Fwp%2Fv2%2Fmedia&parent=949"}],"curies":[{"name":"wp","href":"https:\/\/api.w.org\/{rel}","templated":true}]}}